{"id":359,"date":"2023-03-22T14:48:46","date_gmt":"2023-03-22T14:48:46","guid":{"rendered":"https:\/\/bellezaenlineacr.com\/?post_type=product&#038;p=359"},"modified":"2025-07-22T19:10:10","modified_gmt":"2025-07-22T19:10:10","slug":"oleo-rizos-afro","status":"publish","type":"product","link":"https:\/\/bellezaenlineacr.com\/index.php\/product\/oleo-rizos-afro\/","title":{"rendered":"\u00d3LEO RIZOS &#038; AFRO"},"content":{"rendered":"<p>Tratamiento \u00d3leo rico en aceite de arg\u00e1n, macadamia, karit\u00e9 y coco que brindan a tu pelo protecci\u00f3n natural frente a la oxidaci\u00f3n y resequedad ocasionada por el uso de equipos el\u00e9ctricos capilares y procesos qu\u00edmicos. Ayuda a disminuir el frizz, dejando tu pelo suave y brillante.<\/p>\n","protected":false},"excerpt":{"rendered":"<p>Tratamiento \u00d3leo rico en aceite de arg\u00e1n, macadamia, karit\u00e9 y coco que brindan a tu pelo protecci\u00f3n natural frente a la oxidaci\u00f3n y resequedad ocasionada por el uso de equipos el\u00e9ctricos capilares y procesos qu\u00edmicos. Ayuda a disminuir el frizz, dejando tu pelo suave y brillante.<\/p>\n","protected":false},"featured_media":360,"comment_status":"open","ping_status":"closed","template":"","meta":{"site-sidebar-layout":"default","site-content-layout":"default","ast-global-header-display":"","ast-main-header-display":"","ast-hfb-above-header-display":"","ast-hfb-below-header-display":"","ast-hfb-mobile-header-display":"","site-post-title":"","ast-breadcrumbs-content":"","ast-featured-img":"","footer-sml-layout":"","theme-transparent-header-meta":"default","adv-header-id-meta":"","stick-header-meta":"","header-above-stick-meta":"","header-main-stick-meta":"","header-below-stick-meta":""},"product_cat":[40],"product_tag":[30],"_links":{"self":[{"href":"https:\/\/bellezaenlineacr.com\/index.php\/wp-json\/wp\/v2\/product\/359"}],"collection":[{"href":"https:\/\/bellezaenlineacr.com\/index.php\/wp-json\/wp\/v2\/product"}],"about":[{"href":"https:\/\/bellezaenlineacr.com\/index.php\/wp-json\/wp\/v2\/types\/product"}],"replies":[{"embeddable":true,"href":"https:\/\/bellezaenlineacr.com\/index.php\/wp-json\/wp\/v2\/comments?post=359"}],"wp:featuredmedia":[{"embeddable":true,"href":"https:\/\/bellezaenlineacr.com\/index.php\/wp-json\/wp\/v2\/media\/360"}],"wp:attachment":[{"href":"https:\/\/bellezaenlineacr.com\/index.php\/wp-json\/wp\/v2\/media?parent=359"}],"wp:term":[{"taxonomy":"product_cat","embeddable":true,"href":"https:\/\/bellezaenlineacr.com\/index.php\/wp-json\/wp\/v2\/product_cat?post=359"},{"taxonomy":"product_tag","embeddable":true,"href":"https:\/\/bellezaenlineacr.com\/index.php\/wp-json\/wp\/v2\/product_tag?post=359"}],"curies":[{"name":"wp","href":"https:\/\/api.w.org\/{rel}","templated":true}]}}