{"id":361,"date":"2023-03-22T14:54:32","date_gmt":"2023-03-22T14:54:32","guid":{"rendered":"https:\/\/bellezaenlineacr.com\/?post_type=product&#038;p=361"},"modified":"2025-07-22T19:11:57","modified_gmt":"2025-07-22T19:11:57","slug":"shampoo-prevencion-de-caida","status":"publish","type":"product","link":"https:\/\/bellezaenlineacr.com\/index.php\/product\/shampoo-prevencion-de-caida\/","title":{"rendered":"SHAMPOO PREVENCI\u00d3N DE CA\u00cdDA"},"content":{"rendered":"<p><strong>LIBRE DE SULFATOS, SAL Y PARABENOS.<\/strong>\u00a0Ayuda a prevenir la ca\u00edda del pelo y estimula su crecimiento, manteni\u00e9ndolo fuerte, brillante y suave. Renueva la fibra capilar por medio de c\u00e9lulas Madre, devolvi\u00e9ndole a tu pelo belleza y vitalidad. Adem\u00e1s, funciona como antioxidante y purificador del pelo contra los agentes contaminantes del medio ambiente, gracias a sus extractos naturales de guan\u00e1bana, cebolla roja y aloe vera.<\/p>\n","protected":false},"excerpt":{"rendered":"<p>LIBRE DE SULFATOS, SAL Y PARABENOS.\u00a0Ayuda a prevenir la ca\u00edda del pelo y estimula su crecimiento, manteni\u00e9ndolo fuerte, brillante y suave. Renueva la fibra capilar por medio de c\u00e9lulas Madre, devolvi\u00e9ndole a tu pelo belleza y vitalidad. Adem\u00e1s, funciona como antioxidante y purificador del pelo contra los agentes contaminantes del medio ambiente, gracias a sus &hellip;<\/p>\n<p class=\"read-more\"> <a class=\"\" href=\"https:\/\/bellezaenlineacr.com\/index.php\/product\/shampoo-prevencion-de-caida\/\"> <span class=\"screen-reader-text\">SHAMPOO PREVENCI\u00d3N DE CA\u00cdDA<\/span> Leer m\u00e1s \u00bb<\/a><\/p>\n","protected":false},"featured_media":363,"comment_status":"open","ping_status":"closed","template":"","meta":{"site-sidebar-layout":"default","site-content-layout":"default","ast-global-header-display":"","ast-main-header-display":"","ast-hfb-above-header-display":"","ast-hfb-below-header-display":"","ast-hfb-mobile-header-display":"","site-post-title":"","ast-breadcrumbs-content":"","ast-featured-img":"","footer-sml-layout":"","theme-transparent-header-meta":"default","adv-header-id-meta":"","stick-header-meta":"","header-above-stick-meta":"","header-main-stick-meta":"","header-below-stick-meta":""},"product_cat":[41],"product_tag":[42],"_links":{"self":[{"href":"https:\/\/bellezaenlineacr.com\/index.php\/wp-json\/wp\/v2\/product\/361"}],"collection":[{"href":"https:\/\/bellezaenlineacr.com\/index.php\/wp-json\/wp\/v2\/product"}],"about":[{"href":"https:\/\/bellezaenlineacr.com\/index.php\/wp-json\/wp\/v2\/types\/product"}],"replies":[{"embeddable":true,"href":"https:\/\/bellezaenlineacr.com\/index.php\/wp-json\/wp\/v2\/comments?post=361"}],"wp:featuredmedia":[{"embeddable":true,"href":"https:\/\/bellezaenlineacr.com\/index.php\/wp-json\/wp\/v2\/media\/363"}],"wp:attachment":[{"href":"https:\/\/bellezaenlineacr.com\/index.php\/wp-json\/wp\/v2\/media?parent=361"}],"wp:term":[{"taxonomy":"product_cat","embeddable":true,"href":"https:\/\/bellezaenlineacr.com\/index.php\/wp-json\/wp\/v2\/product_cat?post=361"},{"taxonomy":"product_tag","embeddable":true,"href":"https:\/\/bellezaenlineacr.com\/index.php\/wp-json\/wp\/v2\/product_tag?post=361"}],"curies":[{"name":"wp","href":"https:\/\/api.w.org\/{rel}","templated":true}]}}