{"id":364,"date":"2023-03-22T14:58:50","date_gmt":"2023-03-22T14:58:50","guid":{"rendered":"https:\/\/bellezaenlineacr.com\/?post_type=product&#038;p=364"},"modified":"2025-12-02T05:53:50","modified_gmt":"2025-12-02T05:53:50","slug":"tonico-prevencion-de-caida","status":"publish","type":"product","link":"https:\/\/bellezaenlineacr.com\/index.php\/product\/tonico-prevencion-de-caida\/","title":{"rendered":"T\u00d3NICO PREVENCI\u00d3N DE CA\u00cdDA"},"content":{"rendered":"<p>Tratamiento que rejuvenece el fol\u00edculo piloso gracias a las c\u00e9lulas madre, con extractos naturales de guan\u00e1bana, cebolla roja, romero, cola de caballo, manzanilla y biotina, que ayudan a estimular el crecimiento del pelo, devolvi\u00e9ndole fuerza, brillo y vitalidad.<\/p>\n<p>Beneficios:<\/p>\n<ul>\n<li>Previene la ca\u00edda<\/li>\n<li>Fortalece el pelo y estimula su crecimiento<\/li>\n<li>Se puede aplicar con el pelo seco o h\u00famedo<\/li>\n<li>No requiere enjuague<\/li>\n<li>Uso diario (ma\u00f1ana y noche)<\/li>\n<li>Aplicar directamente en el cuero cabelludo<\/li>\n<li>NO usar junto con el Spa capilar nocturno<\/li>\n<\/ul>\n","protected":false},"excerpt":{"rendered":"<p>Tratamiento que rejuvenece el fol\u00edculo piloso gracias a las c\u00e9lulas madre, con extractos naturales de guan\u00e1bana, cebolla roja, romero, cola de caballo, manzanilla y biotina, que ayudan a estimular el crecimiento del pelo, devolvi\u00e9ndole fuerza, brillo y vitalidad. Beneficios: Previene la ca\u00edda Fortalece el pelo y estimula su crecimiento Se puede aplicar con el pelo &hellip;<\/p>\n<p class=\"read-more\"> <a class=\"\" href=\"https:\/\/bellezaenlineacr.com\/index.php\/product\/tonico-prevencion-de-caida\/\"> <span class=\"screen-reader-text\">T\u00d3NICO PREVENCI\u00d3N DE CA\u00cdDA<\/span> Leer m\u00e1s \u00bb<\/a><\/p>\n","protected":false},"featured_media":362,"comment_status":"open","ping_status":"closed","template":"","meta":{"site-sidebar-layout":"default","site-content-layout":"default","ast-global-header-display":"","ast-main-header-display":"","ast-hfb-above-header-display":"","ast-hfb-below-header-display":"","ast-hfb-mobile-header-display":"","site-post-title":"","ast-breadcrumbs-content":"","ast-featured-img":"","footer-sml-layout":"","theme-transparent-header-meta":"default","adv-header-id-meta":"","stick-header-meta":"","header-above-stick-meta":"","header-main-stick-meta":"","header-below-stick-meta":""},"product_cat":[43],"product_tag":[42],"_links":{"self":[{"href":"https:\/\/bellezaenlineacr.com\/index.php\/wp-json\/wp\/v2\/product\/364"}],"collection":[{"href":"https:\/\/bellezaenlineacr.com\/index.php\/wp-json\/wp\/v2\/product"}],"about":[{"href":"https:\/\/bellezaenlineacr.com\/index.php\/wp-json\/wp\/v2\/types\/product"}],"replies":[{"embeddable":true,"href":"https:\/\/bellezaenlineacr.com\/index.php\/wp-json\/wp\/v2\/comments?post=364"}],"wp:featuredmedia":[{"embeddable":true,"href":"https:\/\/bellezaenlineacr.com\/index.php\/wp-json\/wp\/v2\/media\/362"}],"wp:attachment":[{"href":"https:\/\/bellezaenlineacr.com\/index.php\/wp-json\/wp\/v2\/media?parent=364"}],"wp:term":[{"taxonomy":"product_cat","embeddable":true,"href":"https:\/\/bellezaenlineacr.com\/index.php\/wp-json\/wp\/v2\/product_cat?post=364"},{"taxonomy":"product_tag","embeddable":true,"href":"https:\/\/bellezaenlineacr.com\/index.php\/wp-json\/wp\/v2\/product_tag?post=364"}],"curies":[{"name":"wp","href":"https:\/\/api.w.org\/{rel}","templated":true}]}}